{"id":839,"date":"2022-01-20T04:10:02","date_gmt":"2022-01-20T03:10:02","guid":{"rendered":"http:\/\/wpexplorer-demos.com\/?page_id=839"},"modified":"2025-10-14T18:48:00","modified_gmt":"2025-10-14T16:48:00","slug":"rutecki-rasz","status":"publish","type":"page","link":"https:\/\/roadrasz.pl\/","title":{"rendered":"Strona g\u0142\u00f3wna"},"content":{"rendered":"[vc_row bg_style=&#8221;stretch&#8221; css=&#8221;.vc_custom_1519951973855{border-bottom-width: 40px !important;}&#8221;][vc_column width=&#8221;1\/3&#8243;][vc_single_image image=&#8221;4697&#8243;][\/vc_column][vc_column width=&#8221;2\/3&#8243;][vc_column_text]\n<p style=\"text-align: justify;\">Lubimy otacza\u0107 si\u0119 lud\u017ami o podobnych zainteresowaniach, pasjach o podobnym usposobieniu, ale te\u017c takimi, na kt\u00f3rych mo\u017cna zawsze polega\u0107, dlatego kilkunastoletni\u0105 znajomo\u015b\u0107, setki sp\u0119dzonych godzin po\u015bwi\u0119conej wsp\u00f3lnej pasji i zainteresowaniach zaowocowa\u0142y powstaniem Szko\u0142y Jazdy RoadRasz.<\/p>\n<p style=\"text-align: justify;\">Posiadan\u0105 wiedz\u0105, do\u015bwiadczeniem zawodowym oraz potrzeb\u0105 ci\u0105g\u0142ego doskonalenia posiadanych umiej\u0119tno\u015bci podnosimy standardy nauczania do najwy\u017cszego poziomu. Je\u017celi jeste\u015b na etapie zastanawiania si\u0119 nad wyborem Szko\u0142y Jazdy zaufaj osob\u0105, kt\u00f3re wykonuj\u0105 swoj\u0105 prac\u0119 z pasji i zami\u0142owania,\u00a0a nie z konieczno\u015bci\u00a0czy\u00a0z musu, albo zapytaj kogo\u015b, kto ju\u017c mia\u0142 okazj\u0119 si\u0119 z nami spotka\u0107,\u00a0a dokonasz w\u0142a\u015bciwego wyboru \u2013 wybierzesz Nas!<\/p>\n[\/vc_column_text][\/vc_column][vc_column][vc_row_inner content_placement=&#8221;middle&#8221;][vc_column_inner][vc_btn title=&#8221;Zadzwo\u0144 505 057 386&#8243; style=&#8221;outline&#8221; color=&#8221;blue&#8221; align=&#8221;center&#8221; link=&#8221;url:tel%3A%2B48505057386%20|title:505057386%20&#8243;][\/vc_column_inner][\/vc_row_inner][\/vc_column][\/vc_row][vc_row full_width=&#8221;stretch_row&#8221; parallax=&#8221;vcex_parallax&#8221; remove_bottom_col_margin=&#8221;true&#8221; css=&#8221;.vc_custom_1519952203660{border-top-width: 1px !important;border-bottom-width: 1px !important;padding-top: 50px !important;padding-bottom: 50px !important;background-color: #f5f5f5 !important;border-top-color: #ededed !important;border-top-style: solid !important;border-bottom-color: #ededed !important;border-bottom-style: solid !important;}&#8221;][vc_column][vc_column_text]\n<p style=\"text-align: justify;\"><strong>Szko\u0142a Jazdy RoadRasz<\/strong> powsta\u0142a z po\u0142aczenia pasji oraz do\u015bwiadczenia. Nasz\u0105 szko\u0142\u0119 tworzy zesp\u00f3\u0142 wyspecjalizowany w szkoleniu przysz\u0142ych kierowc\u00f3w kategorii B.<\/p>\n<p style=\"text-align: justify;\"><strong>Wykwalifikowany i kompetentny zesp\u00f3\u0142<\/strong> instruktor\u00f3w i wyk\u0142adowc\u00f3w cechuje wiedza, kultura osobista i cierpliwo\u015b\u0107, co w konsekwencji zapewnia efektywne szkolenie w mi\u0142ej i bezstresowej atmosferze.<\/p>\n<p style=\"text-align: justify;\">Naszym atutem jest odpowiednia organizacja zaj\u0119\u0107, kt\u00f3ra opiera si\u0119 na zapoznaniu przysz\u0142ego kierowcy z obowi\u0105zuj\u0105cymi przepisami oraz treningiem dopasowanym do umiej\u0119tno\u015bci i predyspozycji kursanta. To r\u00f3wnie\u017c nauka techniki jazdy, kt\u00f3ra pozwala wybrn\u0105\u0107 z trudnych sytuacji na drodze. Wszystko to dzi\u0119ki bogatemu do\u015bwiadczeniu naszych instruktor\u00f3w, wynikaj\u0105cego z tysi\u0119cy przejechanych kilometr\u00f3w.<\/p>\n<p style=\"text-align: justify;\"><strong>Szko\u0142a Jazdy RoadRasz<\/strong> odznacza si\u0119 pewnymi charakterystycznymi cechami. Przede wszystkim, bardzo du\u017cy nacisk k\u0142adziemy na nauk\u0119 naszych kursant\u00f3w w zakresie bezpiecze\u0144stwa w ruchu drogowym. <strong>Pewno\u015b\u0107 siebie, rozeznanie na drodze<\/strong>, spok\u00f3j oraz opanowanie s\u0105 kluczowymi cechami oraz umiej\u0119tno\u015bciami, kt\u00f3re rozwijamy u naszych Kursant\u00f3w.<\/p>\n[\/vc_column_text][\/vc_column][\/vc_row][vc_row full_width=&#8221;stretch_row&#8221; content_placement=&#8221;middle&#8221; css=&#8221;.vc_custom_1642753278474{background-color: #f5f5f5 !important;}&#8221;][vc_column width=&#8221;1\/4&#8243;][vc_icon icon_fontawesome=&#8221;fas fa-tags&#8221; background_style=&#8221;rounded&#8221; size=&#8221;xl&#8221; align=&#8221;center&#8221;][\/vc_column][vc_column width=&#8221;1\/2&#8243;][vc_column_text]<strong>Promocje: &#8222;Karta du\u017cej rodziny&#8221; i &#8222;We dwoje&#8221;<\/strong><\/p>\n<p>Dla naszych klient\u00f3w przygotowali\u015bmy dwie promocje. Zapraszamy do zapoznania si\u0119 ze szczeg\u00f3\u0142ami[\/vc_column_text][\/vc_column][vc_column width=&#8221;1\/4&#8243;][vc_btn title=&#8221;Przejd\u017a do cennika&#8221; style=&#8221;outline&#8221; color=&#8221;blue&#8221; align=&#8221;center&#8221; link=&#8221;url:https%3A%2F%2Froadrasz.pl%2Fcennik%2F|title:Cennik&#8221;][\/vc_column][\/vc_row][vc_row full_width=&#8221;stretch_row&#8221; remove_bottom_col_margin=&#8221;true&#8221; bg_style=&#8221;stretch&#8221; css=&#8221;.vc_custom_1642689939038{border-top-width: 1px !important;padding-top: 60px !important;padding-bottom: 60px !important;background-color: #ffffff !important;border-top-color: #ffffff !important;border-top-style: solid !important;}&#8221;][vc_column]<h2 class=\"vcex-heading vcex-module wpex-text-2xl wpex-font-normal wpex-m-auto wpex-max-w-100 vcex-heading-plain wpex-block wpex-text-center vc_custom_1642686419090\" style=\"font-size:32px;font-weight:400;\"><span class=\"vcex-heading-inner wpex-inline-block wpex-clr\">Opinie<\/span><\/h2>[vc_column_text]\n<p style=\"text-align: center;\"><span class=\"ticon ticon-star\" style=\"color:#999;margin-right:5px;font-size:24px;\"><\/span><span class=\"ticon ticon-star\" style=\"color:#888;margin-right:5px;font-size:24px;\"><\/span><span class=\"ticon ticon-star\" style=\"color:#777;margin-right:5px;font-size:24px;\"><\/span><span class=\"ticon ticon-star\" style=\"color:#666;margin-right:5px;font-size:24px;\"><\/span><span class=\"ticon ticon-star\" style=\"color:#555;margin-right:5px;font-size:24px;\"><\/span>\n[\/vc_column_text][vc_column_text text_align=&#8221;center&#8221; font_weight=&#8221;300&#8243; color=&#8221;#777777&#8243; font_size=&#8221;18px&#8221;]Nasza szko\u0142a posiada wielu zadowolonych klient\u00f3w o czym \u015bwiadcz\u0105 opinie w Google[\/vc_column_text]<div class=\"vcex-spacing wpex-w-100 wpex-clear\" style=\"height:30px;\"><\/div><div class=\"textcenter theme-button-wrap wpex-clr\"><a href=\"#\" title=\"Przeczytaj opinie\" class=\"vcex-button theme-button align-center inline\" target=\"_blank\" style=\"font-size:16px;font-weight:400;\" rel=\"nofollow noopener noreferrer\"><span class=\"theme-button-inner\">Przeczytaj opinie<span class=\"vcex-icon-wrap theme-button-icon-right\"><span class=\"ticon ticon-check\" aria-hidden=\"true\"><\/span><\/span><\/span><\/a><\/div> [\/vc_column][\/vc_row][vc_row full_width=&#8221;stretch_row&#8221; content_placement=&#8221;middle&#8221; column_spacing=&#8221;50&#8243; equal_height=&#8221;yes&#8221; bg_style=&#8221;stretch&#8221; css=&#8221;.vc_custom_1642691377206{background-color: #f5f5f5 !important;}&#8221;][vc_column width=&#8221;1\/2&#8243; css=&#8221;.vc_custom_1519951837105{margin-bottom: 60px !important;}&#8221;][vc_separator color=&#8221;custom&#8221; border_width=&#8221;5&#8243; accent_color=&#8221;rgba(245,245,245,0.01)&#8221;][\/vc_column][vc_column width=&#8221;1\/2&#8243; css=&#8221;.vc_custom_1519951841144{margin-bottom: 60px !important;}&#8221;][vc_separator color=&#8221;custom&#8221; border_width=&#8221;5&#8243; accent_color=&#8221;rgba(245,245,245,0.01)&#8221;][\/vc_column][\/vc_row][vc_row full_width=&#8221;stretch_row&#8221; content_placement=&#8221;middle&#8221; column_spacing=&#8221;50&#8243; equal_height=&#8221;yes&#8221; bg_style=&#8221;stretch&#8221; css=&#8221;.vc_custom_1642691377206{background-color: #f5f5f5 !important;}&#8221;][vc_column width=&#8221;1\/2&#8243; css=&#8221;.vc_custom_1519951837105{margin-bottom: 60px !important;}&#8221;]<div class=\"vcex-module vcex-icon-box vcex-icon-box-two wpex-relative wpex-text-center\"><div class=\"vcex-icon-box-symbol wpex-mb-20\"><div class=\"vcex-icon-box-icon wpex-inline-flex wpex-items-center wpex-justify-center wpex-child-inherit-color wpex-text-center wpex-leading-none wpex-text-black\"><span class=\"ticon ticon-graduation-cap\" aria-hidden=\"true\"><\/span><\/div><\/div><div class=\"vcex-icon-box-text\"><h3 class=\"vcex-icon-box-heading wpex-heading wpex-text-md wpex-mb-10\" style=\"font-size:16px;\">Organizacja zaj\u0119\u0107<\/h3><div class=\"vcex-icon-box-content wpex-last-mb-0 wpex-clr\"><p>Zapoznajemy kursanta z obowi\u0105zuj\u0105cymi przepisami za\u015b szkolenie dopasowujemy do jego umiej\u0119tno\u015bci i predyspozycji.<\/p>\n<\/div><\/div><\/div>[vc_separator color=&#8221;custom&#8221; border_width=&#8221;5&#8243; accent_color=&#8221;rgba(245,245,245,0.01)&#8221;][vc_separator color=&#8221;custom&#8221; border_width=&#8221;5&#8243; accent_color=&#8221;rgba(245,245,245,0.01)&#8221;]<div class=\"vcex-module vcex-icon-box vcex-icon-box-two wpex-relative wpex-text-center\"><div class=\"vcex-icon-box-symbol wpex-mb-20\"><div class=\"vcex-icon-box-icon wpex-inline-flex wpex-items-center wpex-justify-center wpex-child-inherit-color wpex-text-center wpex-leading-none wpex-text-black\"><span class=\"ticon ticon-shield\" aria-hidden=\"true\"><\/span><\/div><\/div><div class=\"vcex-icon-box-text\"><h3 class=\"vcex-icon-box-heading wpex-heading wpex-text-md wpex-mb-10\" style=\"font-size:16px;\">Bezpiecze\u0144stwo<\/h3><div class=\"vcex-icon-box-content wpex-last-mb-0 wpex-clr\"><p>Szczeg\u00f3lnie zwracamy uwag\u0119 na to jak je\u017adzi\u0107, aby nie by\u0107 zagro\u017ceniem dla siebie i innych<\/p>\n<\/div><\/div><\/div>[\/vc_column][vc_column width=&#8221;1\/2&#8243; css=&#8221;.vc_custom_1519951841144{margin-bottom: 60px !important;}&#8221;]<div class=\"vcex-module vcex-icon-box vcex-icon-box-two wpex-relative wpex-text-center\"><div class=\"vcex-icon-box-symbol wpex-mb-20\"><div class=\"vcex-icon-box-icon wpex-inline-flex wpex-items-center wpex-justify-center wpex-child-inherit-color wpex-text-center wpex-leading-none wpex-text-black\"><span class=\"ticon ticon-car\" aria-hidden=\"true\"><\/span><\/div><\/div><div class=\"vcex-icon-box-text\"><h3 class=\"vcex-icon-box-heading wpex-heading wpex-text-md wpex-mb-10\" style=\"font-size:16px;\">Nauka techniki jazdy<\/h3><div class=\"vcex-icon-box-content wpex-last-mb-0 wpex-clr\"><p>Dzi\u0119ki odpowiedniej metodyce szkolenia kursant nauczy si\u0119 jak wybrn\u0105\u0107 z trudnych sytuacji na drodze.<\/p>\n<\/div><\/div><\/div>[vc_separator color=&#8221;custom&#8221; border_width=&#8221;5&#8243; accent_color=&#8221;rgba(245,245,245,0.01)&#8221;][vc_separator color=&#8221;custom&#8221; border_width=&#8221;5&#8243; accent_color=&#8221;rgba(245,245,245,0.01)&#8221;]<div class=\"vcex-module vcex-icon-box vcex-icon-box-two wpex-relative wpex-text-center\"><div class=\"vcex-icon-box-symbol wpex-mb-20\"><div class=\"vcex-icon-box-icon wpex-inline-flex wpex-items-center wpex-justify-center wpex-child-inherit-color wpex-text-center wpex-leading-none wpex-text-black\"><span class=\"ticon ticon-users\" aria-hidden=\"true\"><\/span><\/div><\/div><div class=\"vcex-icon-box-text\"><h3 class=\"vcex-icon-box-heading wpex-heading wpex-text-md wpex-mb-10\" style=\"font-size:16px;\">Do\u015bwiadczenie<\/h3><div class=\"vcex-icon-box-content wpex-last-mb-0 wpex-clr\"><p>Przejechali\u015bmy z kursantami wiele tysi\u0119cy kilometr\u00f3w. Do\u015bwiadczenie jest tym co wyr\u00f3\u017cnia nas na rynku.<\/p>\n<\/div><\/div><\/div>[\/vc_column][\/vc_row][vc_row full_width=&#8221;stretch_row&#8221; parallax=&#8221;vcex_parallax&#8221; remove_bottom_col_margin=&#8221;true&#8221; css=&#8221;.vc_custom_1519952203660{border-top-width: 1px !important;border-bottom-width: 1px !important;padding-top: 50px !important;padding-bottom: 50px !important;background-color: #f5f5f5 !important;border-top-color: #ededed !important;border-top-style: solid !important;border-bottom-color: #ededed !important;border-bottom-style: solid !important;}&#8221;][vc_column]<h2 class=\"vcex-heading vcex-module wpex-text-2xl wpex-font-normal wpex-m-auto wpex-max-w-100 vcex-heading-plain wpex-block wpex-text-center vc_custom_1642690607824\" style=\"font-size:32px;font-weight:400;\"><span class=\"vcex-heading-inner wpex-inline-block wpex-clr\">Inni ju\u017c nam zaufali. Zaufaj i Ty!<\/span><\/h2>[vc_column_text text_align=&#8221;center&#8221; font_weight=&#8221;300&#8243; color=&#8221;#777777&#8243; font_size=&#8221;18px&#8221;]Jeste\u015bmy przekonani, \u017ce to b\u0119dzie jeden z Twoich najlepszych wybor\u00f3w.[\/vc_column_text]<div class=\"vcex-spacing wpex-w-100 wpex-clear\" style=\"height:30px;\"><\/div><div class=\"textcenter theme-button-wrap wpex-clr\"><a href=\"https:\/\/roadrasz.pl\/kontakt\/\" title=\"Formularz zg\u0142oszeniowy\" class=\"vcex-button theme-button align-center inline\" style=\"font-size:16px;font-weight:400;\" rel=\"nofollow\"><span class=\"theme-button-inner\">Formularz zgloszeniowy<span class=\"vcex-icon-wrap theme-button-icon-right\"><span class=\"ticon ticon-share-square-o\" aria-hidden=\"true\"><\/span><\/span><\/span><\/a><\/div> [\/vc_column][\/vc_row]\n","protected":false},"excerpt":{"rendered":"<p>[vc_row bg_style=&#8221;stretch&#8221; css=&#8221;.vc_custom_1519951973855{border-bottom-width: 40px !important;}&#8221;][vc_column width=&#8221;1\/3&#8243;][vc_single_image image=&#8221;4697&#8243;][\/vc_column][vc_column width=&#8221;2\/3&#8243;][vc_column_text] Lubimy otacza\u0107 si\u0119 lud\u017ami o podobnych zainteresowaniach, pasjach o podobnym usposobieniu, ale te\u017c takimi, na kt\u00f3rych mo\u017cna zawsze polega\u0107, dlatego kilkunastoletni\u0105 znajomo\u015b\u0107, setki sp\u0119dzonych godzin po\u015bwi\u0119conej wsp\u00f3lnej pasji i zainteresowaniach zaowocowa\u0142y powstaniem Szko\u0142y Jazdy RoadRasz. Posiadan\u0105 wiedz\u0105, do\u015bwiadczeniem zawodowym oraz potrzeb\u0105 ci\u0105g\u0142ego doskonalenia posiadanych umiej\u0119tno\u015bci podnosimy standardy&hellip;<\/p>\n","protected":false},"author":1,"featured_media":0,"parent":0,"menu_order":0,"comment_status":"closed","ping_status":"closed","template":"","meta":{"_seopress_robots_primary_cat":"","_seopress_titles_title":"Road Rasz %%sep%% %%tagline%%","_seopress_titles_desc":"Szko\u0142a Jazdy Pruszk\u00f3w, Road Rasz, oferujemy kursy na prawo jazdy kategorii B.","_seopress_robots_index":"","footnotes":""},"class_list":["post-839","page","type-page","status-publish","hentry","entry","no-media"],"_links":{"self":[{"href":"https:\/\/roadrasz.pl\/index.php?rest_route=\/wp\/v2\/pages\/839","targetHints":{"allow":["GET"]}}],"collection":[{"href":"https:\/\/roadrasz.pl\/index.php?rest_route=\/wp\/v2\/pages"}],"about":[{"href":"https:\/\/roadrasz.pl\/index.php?rest_route=\/wp\/v2\/types\/page"}],"author":[{"embeddable":true,"href":"https:\/\/roadrasz.pl\/index.php?rest_route=\/wp\/v2\/users\/1"}],"replies":[{"embeddable":true,"href":"https:\/\/roadrasz.pl\/index.php?rest_route=%2Fwp%2Fv2%2Fcomments&post=839"}],"version-history":[{"count":46,"href":"https:\/\/roadrasz.pl\/index.php?rest_route=\/wp\/v2\/pages\/839\/revisions"}],"predecessor-version":[{"id":5116,"href":"https:\/\/roadrasz.pl\/index.php?rest_route=\/wp\/v2\/pages\/839\/revisions\/5116"}],"wp:attachment":[{"href":"https:\/\/roadrasz.pl\/index.php?rest_route=%2Fwp%2Fv2%2Fmedia&parent=839"}],"curies":[{"name":"wp","href":"https:\/\/api.w.org\/{rel}","templated":true}]}}