{"id":1295,"date":"2022-01-20T04:16:21","date_gmt":"2022-01-20T03:16:21","guid":{"rendered":"http:\/\/wpexplorer-demos.com\/?page_id=1295"},"modified":"2026-03-05T21:52:44","modified_gmt":"2026-03-05T20:52:44","slug":"cennik","status":"publish","type":"page","link":"https:\/\/roadrasz.pl\/?page_id=1295","title":{"rendered":"Cennik"},"content":{"rendered":"[vc_row][vc_column][vc_column_text]Szkolenie odbywa si\u0119 na samochodach:<\/p>\n<p>Suzuki Swift (auto egzaminacyjne w WORD Warszawa).<\/p>\n<p>Hyundai i20 (auta egzaminacyjne w WORD Gr\u00f3jec ).<\/p>\n<p>Peugeot 303 CC ( AUTOMAT )<\/p>\n<table>\n<thead>\n<tr>\n<td width=\"213\">Rodzaj kursu<\/td>\n<td width=\"70\">Cena<\/td>\n<\/tr>\n<\/thead>\n<tbody>\n<tr>\n<td width=\"213\">Kurs Stacjonarny kat. B<\/td>\n<td width=\"70\">4300 z\u0142<\/td>\n<\/tr>\n<tr>\n<td width=\"213\">Kurs internetowy e-learnig kat. B<\/td>\n<td width=\"70\">4300 z\u0142<\/td>\n<\/tr>\n<tr>\n<td width=\"213\">Kurs Stacjonarny\/e-lerning kat B ratalny*<\/td>\n<td width=\"70\">4400 z\u0142<\/td>\n<\/tr>\n<tr>\n<td width=\"213\">Kurs Stacjonarny kat. B ( AUTOMAT )<\/td>\n<td width=\"70\">4600 z\u0142<\/td>\n<\/tr>\n<tr>\n<td width=\"213\">Rozszerzony kat. B (40h. jazd)<\/td>\n<td width=\"70\">5100z\u0142<\/td>\n<\/tr>\n<tr>\n<td width=\"213\">Kurs w j. angielskim<\/td>\n<td width=\"70\">4600 z\u0142<\/td>\n<\/tr>\n<tr>\n<td width=\"213\">Kurs indywidualny (indywidualne wyk\u0142ady)<\/td>\n<td width=\"70\">4800 z\u0142<\/td>\n<\/tr>\n<\/tbody>\n<\/table>\n[\/vc_column_text]<div class=\"vcex-module vcex-callout wpex-bordered wpex-border-solid wpex-border-4\" style=\"border-color:#0097dd;\"><div class=\"vcex-callout-caption wpex-text-md wpex-last-mb-0 wpex-clr\"><p><strong>Rabaty:<\/strong><\/p>\n<p>NOWA PROMOCJA &#8211; Zdaj egzamin teoretyczny ( kurs online ) w 30 dni a otrzymasz 1 godzin\u0119 jazd GRATIS !!!<\/p>\n<ul>\n<li><strong>Promocja \u201ewe dwoje\u201d<\/strong> \u2013 przyjd\u017a na kurs z drug\u0105 osob\u0105 a cena kursu dla ka\u017cdej z os\u00f3b b\u0119dzie ni\u017csza o 100z\u0142<\/li>\n<li><strong>Karta du\u017cej rodziny<\/strong> \u2013 100z\u0142 rabatu od ceny podstawowej<\/li>\n<\/ul>\n<p>* Promocje nie sumuj\u0105 si\u0119!<\/p>\n<\/div><\/div>[vc_column_text]\n<table>\n<thead>\n<tr>\n<td width=\"213\">Jazdy doszkalaj\u0105ce<\/td>\n<td width=\"70\">Cena<\/td>\n<\/tr>\n<\/thead>\n<tbody>\n<tr>\n<td width=\"213\">Jazda doszkalaj\u0105ca kat B***<\/td>\n<td width=\"70\">150 z\u0142<\/td>\n<\/tr>\n<tr>\n<td width=\"213\">Jazda doszkalaj\u0105ca kat B. (Pakiet 10h)<\/td>\n<td width=\"70\">1400 z\u0142<\/td>\n<\/tr>\n<tr>\n<td width=\"213\">Jazda doszkalaj\u0105ca kat B j. angielski<\/td>\n<td width=\"70\">160 z\u0142<\/td>\n<\/tr>\n<\/tbody>\n<\/table>\n<p>* Istnieje mo\u017cliwo\u015b\u0107 roz\u0142o\u017cenia p\u0142atno\u015bci na raty.<\/p>\n<p>**kurs ekspresowy \u2013 jazdy odbywaj\u0105 si\u0119 4 lub 5 razy w tygodniu, wymagana dyspozycyjno\u015b\u0107 godzinowa osoby szkolonej.<\/p>\n<p>***Cena przy wykupieniu min 2h jazd, przy pojedynczej je\u017adzie cena wynosi 150z\u0142<\/p>\n<p>Cena za kurs obejmuje:<\/p>\n<ul>\n<li>zaj\u0119cia teoretyczne &#8211; 30 godz 1h \u2013 45 min (w przypadku e-lerning dost\u0119p do nauczania online)<\/li>\n<li>zaj\u0119cia praktyczne &#8211; 30 godz 1h \u2013 60 min<\/li>\n<li>zaj\u0119cia z pierwszej pomocy<\/li>\n<li>aktualne testy i materia\u0142y dydaktyczne<\/li>\n<li>egzamin wewn\u0119trzny teoretyczny<\/li>\n<li>egzamin wewn\u0119trzny praktyczny<\/li>\n<\/ul>\n[\/vc_column_text][\/vc_column][\/vc_row]\n","protected":false},"excerpt":{"rendered":"<p>[vc_row][vc_column][vc_column_text]Szkolenie odbywa si\u0119 na samochodach: Suzuki Swift (auto egzaminacyjne w WORD Warszawa). Hyundai i20 (auta egzaminacyjne w WORD Gr\u00f3jec ). Peugeot 303 CC ( AUTOMAT ) Rodzaj kursu Cena Kurs Stacjonarny kat. B 4300 z\u0142 Kurs internetowy e-learnig kat. B 4300 z\u0142 Kurs Stacjonarny\/e-lerning kat B ratalny* 4400 z\u0142 Kurs Stacjonarny kat. B ( AUTOMAT&hellip;<\/p>\n","protected":false},"author":1,"featured_media":0,"parent":0,"menu_order":0,"comment_status":"closed","ping_status":"closed","template":"","meta":{"_seopress_robots_primary_cat":"","_seopress_titles_title":"%%title%% %%sep%% %%sitename%%","_seopress_titles_desc":"Szko\u0142a Jazdy Rutecki & Rasz oferuje kursy na prawo jazdy kategorii B tradycyjne, stacjonarne, weekendowe, wieczorowe oraz online, e-lerningowe.","_seopress_robots_index":"","footnotes":""},"class_list":["post-1295","page","type-page","status-publish","hentry","entry","no-media"],"_links":{"self":[{"href":"https:\/\/roadrasz.pl\/index.php?rest_route=\/wp\/v2\/pages\/1295","targetHints":{"allow":["GET"]}}],"collection":[{"href":"https:\/\/roadrasz.pl\/index.php?rest_route=\/wp\/v2\/pages"}],"about":[{"href":"https:\/\/roadrasz.pl\/index.php?rest_route=\/wp\/v2\/types\/page"}],"author":[{"embeddable":true,"href":"https:\/\/roadrasz.pl\/index.php?rest_route=\/wp\/v2\/users\/1"}],"replies":[{"embeddable":true,"href":"https:\/\/roadrasz.pl\/index.php?rest_route=%2Fwp%2Fv2%2Fcomments&post=1295"}],"version-history":[{"count":45,"href":"https:\/\/roadrasz.pl\/index.php?rest_route=\/wp\/v2\/pages\/1295\/revisions"}],"predecessor-version":[{"id":5140,"href":"https:\/\/roadrasz.pl\/index.php?rest_route=\/wp\/v2\/pages\/1295\/revisions\/5140"}],"wp:attachment":[{"href":"https:\/\/roadrasz.pl\/index.php?rest_route=%2Fwp%2Fv2%2Fmedia&parent=1295"}],"curies":[{"name":"wp","href":"https:\/\/api.w.org\/{rel}","templated":true}]}}